{"id":329,"date":"2011-10-24T20:08:19","date_gmt":"2011-10-24T20:08:19","guid":{"rendered":"http:\/\/balance-unbalance2011.hexagram.ca\/?page_id=329"},"modified":"2011-10-25T21:06:49","modified_gmt":"2011-10-25T21:06:49","slug":"lobby-of-the-d-b-clarke-theatre","status":"publish","type":"page","link":"https:\/\/balance-unbalance2011.hexagram.ca\/?page_id=329","title":{"rendered":"Lobby of the D.B. Clarke Theatre"},"content":{"rendered":"<h2 style=\"text-align: left;\"><span class=\"Apple-style-span\" style=\"color: #333333; font-size: 13px; font-weight: normal;\"><strong><em>7 rivers in 49 images<\/em><\/strong><\/span><\/h2>\n<p style=\"text-align: justify;\"><span style=\"color: #333333;\"><strong>Mari\u00e1ngela Aponte N\u00fa\u00f1ez<\/strong><\/span><\/p>\n<p style=\"text-align: justify;\"><span style=\"color: #333333;\"><strong>Abstract:\u00a0<\/strong><\/span>7 rivers in 49 images is a collection of 49 photographs of the seven rivers (Aguacatal, Cali, Ca\u00f1averalejo, Cauca, Lili, Melendez and Pance) crossing the city of Cali, Colombia.<\/p>\n<p style=\"text-align: justify;\">This project focuses on the relationship of Cali&#8217;s people with their water. Like most of colombian territory Cali is rich in clean water resources, but the environmental crisis of our globalized era can be seen here too: Cali&#8217;s waste has been reaching a point that today most of those rivers have no drinkable water after they pass through the city.\u00a0The photographs explore the movement and color change of the water passing through the city of Cali.<\/p>\n<p style=\"text-align: justify;\">The 49 images forms a sequence from the Pance river, the one with better conditions, to the Cauca river, the dirtiest and one of the major rivers in southwestern Colombia.<\/p>\n<p style=\"text-align: justify;\">Originally, the images were printed (size: 100 x 70 cm); for Balance-Unbalance I am proposing a slideshow of the entire collection to be screened at the entrance lobby of the DB Clarke Theatre.<\/p>\n<p style=\"text-align: justify;\"><span style=\"color: #333333;\"><strong>Bio:\u00a0<\/strong><\/span>Mari\u00e1ngela Aponte N\u00fa\u00f1ez, born in Cali, Colombia.\u00a0With a Visual Arts degree obtained at the Universidad del Valle, Cali, Colombia in 2007, I am currently completing my Master in Aesthetics and Technology of the Electronic Arts at National University of Tres de Febrero in Buenos Aires, Argentina. Since 2005 I have been showing my artwork in solo and group exhibitions. Some of my works are: TACTOSCOPIO, that addresses issues related to art and blindness; SONOSCOPIO, an experimental sound installation; and the photographic exhibition 7 RIVERS IN 49 IMAGES that explores the color change of Cali&#8217;s rivers from their birth through its mouth. I am actively collaborating in Colombian publications, among them, with the ARTEFACTO section for the &#8220;Pandora&#8217;s Box&#8221; radio-cultural series in Javeriana Stereo Cali as well as several other transdisciplinary projects.<\/p>\n<p>&#8212;-<\/p>\n<p><span style=\"color: #000000;\"><strong><em>Gender &#8211; Water &#8211; Climate: Unity in Diversity<\/em><\/strong><\/span><\/p>\n<p><span style=\"color: #000000;\"><strong>Janot Mendler de Suarez<\/strong><\/span><\/p>\n<p><strong><span style=\"color: #000000;\">Abstract<\/span>:\u00a0<\/strong>The main objectives of this project are:<\/p>\n<ul>\n<li>to raise awareness about gender and water issues<\/li>\n<li>to strenghten capacity in community-based groups and organisations to address gender equity in integrated water resource management<\/li>\n<\/ul>\n<p>To do so an artistic exhibiton has been produced in the form of a visual storybook that compares and contrasts gender and water stories from regions around the world.<\/p>\n<p><strong><span style=\"color: #000000;\">Bio<\/span>:<\/strong>\u00a0Janot Mendler de Suarez has served for ten years with the GEF (Global Environment Facility) International Waters portfolio to strengthen participative, equitable and sustainable water governance through transboundary cooperation in knowledge-sharing and experiental learning for adaptive ecosystem-based management, in cooperation with governments and development organizations in over 180 countries. She is a former member of the Centre for Developing Areas Research, Department of geography,Royal Holloway, university of London, with current research interest in climate equity.<\/p>\n<p style=\"text-align: justify;\">&#8212;-<\/p>\n<p><span style=\"color: #000000;\"><strong><em>Floating Land (2011)<\/em><\/strong><\/span><\/p>\n<p><span style=\"color: #000000;\"><strong>James Muller and Leah Barclay<\/strong><\/span><\/p>\n<p><span style=\"color: #333333;\"><strong><span style=\"color: #000000;\">Abstract<\/span>:\u00a0<\/strong><\/span>Australian cinematographer James Muller and composer\/sound artist Leah Barclay have joined forces to create an evocative response to Floating Land 2011. Floating Land is an ongoing conversation about creativity, the environment and culture pivoting on a dynamic ten-day event in the UNESCO listed Biosphere of Noosa on the Sunshine Coast of Australia. Conceived in 2001 as an outdoor sculpture exhibition, Floating Land is now solidified one of Australia\u2019s most significant green art events sparking the imagination of artists, scientists, politicians and conservationists globally. This abstract exploration of the event features the iconic Lake Cootharaba, one of Australia\u2019s most pristine natural environments, with over thirty resident artists working on the shores. The collaborative projects were realized as ephemeral installations, incorporating projection, light and sound in the natural environment. Performances such as Blue Gold by Australian composer Ros Bandt investigated the delicate balance between wet and dry in our natural landscape, while the multi-sensory installation of Lyndon Davis recognized the critical value of Indigenous knowledge systems in ecological crisis.<\/p>\n<p><span style=\"color: #333333;\"><strong><span style=\"color: #000000;\">Bio<\/span>:\u00a0<\/strong><\/span>JAMES MULLER directs Earth Base Productions, a multi- disciplinary, creative media studio. He has over 12 years experience in the film, television and digital media industries. Earth Base Productions produce a diverse range of projects utilising screen technologies and emerging digital media. They collaborate in cross sector and cross platform environments to create projects with intrinsic cultural and creative values. Earth Base Productions is based on the Sunshine Coast and works throughout the State. www.earthbase.com.au<\/p>\n<p>LEAH BARCLAY is an Australian interdisciplinary artist and curator recognised internationally for her distinctive sonic language. Her work has been commissioned, performed, and exhibited to wide acclaim across Australia, New Zealand, Canada, Europe, India, China, and Korea.\u00a0Barclay creates immersive performances and multi-sensory installations at the intersection of art, science, technology, and the environment. Her work spans film, theatre, and dance to hybrid performance, interactive media, data sonification, and site-specific installations. Her adventurous nature has led her to complete projects on the floor of the Australian ocean, desolate lava caves in New Zealand, and the evocative backwaters of South India.\u00a0Barclay\u2019s dynamic work has resulted in numerous awards, including the Premier of Queensland\u2019s inaugural National New Media Scholarship, the Asialink Performing Artist Residency for South Korea, and the HELM Award for Environmental Art. She has directed and curated environmental projects across Australia, India, and Korea and serves in an advisory capacity for a range of arts and environmental organisations including Noosa Biosphere (UNESCO) and Ear to the Earth (New York).\u00a0Barclay is currently engaged in a series of collaborative research projects addressing the value of creative methodologies in ecological crisis and is completing an interdisciplinary PhD under Gerardo Diri\u00e9 and Kim Cunio at Griffith University in Australia.<\/p>\n<p>&#8212;-<\/p>\n<p style=\"text-align: justify;\"><span style=\"color: #000000;\"><strong><em>Deep Listening Bathysphere Sub Aquatic Audio Listening Station<\/em><\/strong><\/span><\/p>\n<p style=\"text-align: justify;\"><span style=\"color: #000000;\"><strong>Paul Scriver<\/strong><\/span><\/p>\n<p style=\"text-align: justify;\"><strong><span style=\"color: #000000;\">Abstract<\/span>:\u00a0<\/strong><em>Deep Listening Bathysphere<\/em>\u00a0is an immersive multichannel audio installation in sculptural form. This mobile installation is conceived as an intimate, enveloping space that will allow audience members to interface aurally with sounds being gathered underwater from historically significant and environmentally compromised waterways in the Montreal metropolitan area. The intent of\u00a0<em>Deep Listening Bathysphere<\/em>\u00a0is to place audience members in a direct aural relationship with sounds otherwise inaudible, but nonetheless significant to the cultural and historical matrix of their environment.<\/p>\n<p style=\"text-align: justify;\"><strong><span style=\"color: #000000;\">Bio<\/span>:\u00a0<\/strong>Paul Scriver\u00a0is an improvising musician, composer and sound artist. Much of his work addresses the disconnect between our contemporary human existence and the natural world.<br \/>\nWith assistance from the Canada Council for the arts, he is currently developing a large-scale audio installation that will bring human beings into the aural world of submarine life forms.<br \/>\nPaul teaches audio production, sound design and electronic music composition at Concordia and Champlain College.<\/p>\n","protected":false},"excerpt":{"rendered":"<p>7 rivers in 49 images Mari\u00e1ngela Aponte N\u00fa\u00f1ez Abstract:\u00a07 rivers in 49 images is a collection of 49 photographs of the seven rivers (Aguacatal, Cali, Ca\u00f1averalejo, Cauca, Lili, Melendez and Pance) crossing the city of Cali, Colombia. This project focuses &hellip; <a href=\"https:\/\/balance-unbalance2011.hexagram.ca\/?page_id=329\">Continue reading <span class=\"meta-nav\">&rarr;<\/span><\/a><\/p>\n","protected":false},"author":1,"featured_media":0,"parent":297,"menu_order":3,"comment_status":"closed","ping_status":"open","template":"","meta":[],"_links":{"self":[{"href":"https:\/\/balance-unbalance2011.hexagram.ca\/index.php?rest_route=\/wp\/v2\/pages\/329"}],"collection":[{"href":"https:\/\/balance-unbalance2011.hexagram.ca\/index.php?rest_route=\/wp\/v2\/pages"}],"about":[{"href":"https:\/\/balance-unbalance2011.hexagram.ca\/index.php?rest_route=\/wp\/v2\/types\/page"}],"author":[{"embeddable":true,"href":"https:\/\/balance-unbalance2011.hexagram.ca\/index.php?rest_route=\/wp\/v2\/users\/1"}],"replies":[{"embeddable":true,"href":"https:\/\/balance-unbalance2011.hexagram.ca\/index.php?rest_route=%2Fwp%2Fv2%2Fcomments&post=329"}],"version-history":[{"count":3,"href":"https:\/\/balance-unbalance2011.hexagram.ca\/index.php?rest_route=\/wp\/v2\/pages\/329\/revisions"}],"predecessor-version":[{"id":366,"href":"https:\/\/balance-unbalance2011.hexagram.ca\/index.php?rest_route=\/wp\/v2\/pages\/329\/revisions\/366"}],"up":[{"embeddable":true,"href":"https:\/\/balance-unbalance2011.hexagram.ca\/index.php?rest_route=\/wp\/v2\/pages\/297"}],"wp:attachment":[{"href":"https:\/\/balance-unbalance2011.hexagram.ca\/index.php?rest_route=%2Fwp%2Fv2%2Fmedia&parent=329"}],"curies":[{"name":"wp","href":"https:\/\/api.w.org\/{rel}","templated":true}]}}