{"id":307,"date":"2011-10-24T19:30:13","date_gmt":"2011-10-24T19:30:13","guid":{"rendered":"http:\/\/balance-unbalance2011.hexagram.ca\/?page_id=307"},"modified":"2011-10-24T21:28:38","modified_gmt":"2011-10-24T21:28:38","slug":"3-mapping-environmental-issues","status":"publish","type":"page","link":"https:\/\/balance-unbalance2011.hexagram.ca\/?page_id=307","title":{"rendered":"Session #3 &#8211; Mapping environmental issues"},"content":{"rendered":"<h2 style=\"text-align: left;\"><span class=\"Apple-style-span\" style=\"color: #333333; font-size: 13px; font-weight: normal;\"><strong><em>Mapping 7 rivers in Cali, Colombia<\/em><\/strong><\/span><\/h2>\n<h3 style=\"text-align: justify;\"><span class=\"Apple-style-span\" style=\"color: #333333; font-size: 13px; font-weight: normal;\"><strong>Mari\u00e1ngela Aponte N\u00fa\u00f1ez<\/strong><\/span><\/h3>\n<h3 style=\"text-align: justify;\"><span class=\"Apple-style-span\" style=\"font-size: 13px; font-weight: normal;\"><span style=\"color: #333333;\"><strong>Abstract:\u00a0<\/strong><\/span>7 rivers in 49 images is a collection of 49 photographs of the seven rivers (Aguacatal, Cali, Ca\u00f1averalejo, Cauca, Lili, Melendez and Pance) crossing the city of Cali, Colombia.<\/span><\/h3>\n<h3 style=\"text-align: justify;\"><span class=\"Apple-style-span\" style=\"font-size: 13px; font-weight: normal;\">This project focuses on the relationship of Cali&#8217;s people with their water. Like most of colombian territory Cali is rich in clean water resources, but the environmental crisis of our globalized era can be seen here too: Cali&#8217;s waste has been reaching a point that today most of those rivers have no drinkable water after they pass through the city.\u00a0The photographs explore the movement and color change of the water passing through the city of Cali.<\/span><\/h3>\n<h3 style=\"text-align: justify;\"><span class=\"Apple-style-span\" style=\"font-size: 13px; font-weight: normal;\">The 49 images forms a sequence from the Pance river, the one with better conditions, to the Cauca river, the dirtiest and one of the major rivers in southwestern Colombia.<\/span><\/h3>\n<h3 style=\"text-align: justify;\"><span class=\"Apple-style-span\" style=\"font-size: 13px; font-weight: normal;\"><span style=\"color: #333333;\"><strong>Bio:\u00a0<\/strong><\/span>Mari\u00e1ngela Aponte N\u00fa\u00f1ez, born in Cali, Colombia.\u00a0With a Visual Arts degree obtained at the Universidad del Valle, Cali, Colombia in 2007, I am currently completing my Master in Aesthetics and Technology of the Electronic Arts at National University of Tres de Febrero in Buenos Aires, Argentina. Since 2005 I have been showing my artwork in solo and group exhibitions. Some of my works are: TACTOSCOPIO, that addresses issues related to art and blindness; SONOSCOPIO, an experimental sound installation; and the photographic exhibition 7 RIVERS IN 49 IMAGES that explores the color change of Cali&#8217;s rivers from their birth through its mouth. I am actively collaborating in Colombian publications, among them, with the ARTEFACTO section for the &#8220;Pandora&#8217;s Box&#8221; radio-cultural series in Javeriana Stereo Cali as well as several other transdisciplinary projects.<\/span><\/h3>\n<h3 style=\"text-align: justify;\"><span class=\"Apple-style-span\" style=\"font-size: 13px; font-weight: normal;\">&#8212;-<\/span><\/h3>\n<h3 style=\"text-align: justify;\"><span class=\"Apple-style-span\" style=\"color: #333333; font-size: 13px; font-weight: normal;\"><strong><em>Oceans in Distress<\/em><\/strong><\/span><\/h3>\n<h3 style=\"text-align: justify;\"><span class=\"Apple-style-span\" style=\"color: #333333; font-size: 13px; font-weight: normal;\"><strong>Joseph Ingoldsby<\/strong><\/span><\/h3>\n<h3 style=\"text-align: justify;\"><span class=\"Apple-style-span\" style=\"font-size: 13px; font-weight: normal;\"><span style=\"color: #333333;\"><strong>Abstract:\u00a0<\/strong><\/span>All life is interrelated; woven of the water, of the Earth, and of the air. We must listen to the story of Mother Earth told gently to her children. We must listen and cooperate as one people to survive for we live in exceptional times. Scientists tell us that we have 10 years to change the way we live, avert the depletion of natural resources, and the catastrophic evolution of the Earth&#8217;s climate.\u00a0<\/span><span class=\"Apple-style-span\" style=\"font-size: 13px; font-weight: normal;\">Artist\u2019s can play an integral role in the raising of the public consciousness through advocacy. Art can be used to communicate complex ecological and scientific principles to an audience outside of the confines of the academy or science museum. Oceans in Distress documents the three main drivers which are sickening the global marine environment, and all are a direct consequence of human activity: global warming, acidification and a dwindling level oxygen, a condition known as hypoxia. Pollution and global warming are pushing the world\u2019s oceans to the brink of a mass extinction of marine life unseen for tens of millions of years. These symptoms, moreover, could be the harbinger of wider disruptions in the interlocking web of biological and chemical interactions that scientists now call the Earth system. Oceans in Distress is a collaborative work that showcases the science behind the issues of chemical, biological, acoustic and industrial change that is affecting the world\u2019s oceans and in turn ourselves.<\/span><\/h3>\n<h3 style=\"text-align: justify;\"><span class=\"Apple-style-span\" style=\"font-size: 13px; font-weight: normal;\"><span style=\"color: #333333;\"><strong>Bio: <\/strong><\/span>Joseph Emmanuel Ingoldsby.\u00a0I stand before you at a unique vantage point, which bridges art, science and technology. I research, collaborate, write, exhibit and install my work in the field. Joseph Emmanuel Ingoldsby initially trained in art and landscape architecture with Ian McHarg, who mentored me on Design with Nature at PENN. The focus and methodology involved a comprehensive analysis of the geology, hydrology, soils, vegetation, and the cultural overlays of both local and regional landscapes. An integral part of the work involved interviews with scientists and local experts. Projects included analytical overlays of the Schuylkill River based on the incremental industrialization of an urban river; and the Natural and Cultural Landscapes of the Pine Barrens, NJ in text, aerial patterning and photography. This methodology provided the foundation for current collaborative work, as I transitioned to exhibitions and installations, and to digital media and film. I combine art, science and technology to advocate for vanishing landscapes and endangered species and the role of the artist in the 21st century as a translator and communicator of science. My work is focused on the natural and cultural landscapes of America. I practice what I preach.<\/span><\/h3>\n<h3 style=\"text-align: justify;\"><span class=\"Apple-style-span\" style=\"font-size: 13px; font-weight: normal;\">&#8212;-<\/span><\/h3>\n<h3 style=\"text-align: justify;\"><span class=\"Apple-style-span\" style=\"color: #333333; font-size: 13px; font-weight: normal;\"><strong><em>Ecosystem complexity and adaptative art practices<\/em><\/strong><\/span><\/h3>\n<h3 style=\"text-align: justify;\"><span class=\"Apple-style-span\" style=\"color: #333333; font-size: 13px; font-weight: normal;\"><strong>Perdita Phillips<\/strong><\/span><\/h3>\n<h3 style=\"text-align: justify;\"><span class=\"Apple-style-span\" style=\"font-size: 13px; font-weight: normal;\"><span style=\"color: #333333;\"><strong>Abstract:\u00a0<\/strong><\/span>I propose to present a visual essay tackling the apparent lacuna between many artists\u2019 ideas of ecology (and the balance of nature), and contemporary scientific ecology\u2019s conception of the world as a network of dynamic ecological circumstances. The presentation will discuss ecological complexity, resilience and advances in adaptive management and counterpoint these with existing artworks and artists and with potential directions for critical future creative works. Starting with Taylor and Haila\u2019s (2001, p. 521) identification of the challenge to conceptualize ecosystems as simultaneously encompassing \u2018particularity, contingency, and structure, and for such structure to be internally differentiated, dynamically tied to its context, and subject to restructuring\u2019 and concluding with the ethical implications of an unbalanced world, the paper will invite action in the face of the inevitable uncertainties inherent in an ecological world view.<\/span><\/h3>\n<h3 style=\"text-align: justify;\"><span class=\"Apple-style-span\" style=\"font-size: 13px; font-weight: normal;\"><span style=\"color: #333333;\"><strong>Bio: \u00a0<\/strong><\/span>Perdita Phillips is a Western Australian artist whose work encompasses installation, walking, sound art, photography, book and digital art. Whilst materially diverse, underlying themes of ecological processes and a commitment to a resensitisation to the physical environment, are apparent in her work. She convened and curated the Unruly ecologies: biodiversity and art symposium for SymbioticA (2010) and curated the ArtSource Newsletter issue Resilience: on Art and Environments, which included her essay, The trouble with sustainability (2007). Recent publications include The case of the lengthening legs: cane toads in northern Australia (2011 in Jacob Bull\u2019s Animal Movements \u2022 Moving Animals) and Clotted Life and Brittle Waters (2010, for the Landscapes journal). Her practice-based PhD thesis fieldwork\/fieldwalking (2007) explored the relationship between art, science and the field. Phillips has undertaken a number of art and science residencies including Green, Grey or Dull Silver: art and the behavioural ecology of the Great Bowerbird, Chlamydera Nuchalis (2007-2008, SymbioticA) with notable exhibitions including Visceral: The Living Art Experiment (2011, Science Gallery, Dublin), The System of Nature (2007, Lawrence Wilson Art Gallery, The University of Western Australia), Chart (2006, John Curtin Art Gallery, Curtin University), fieldwork\/fieldwalking (2006, Moores Building Contemporary Art Gallery) and Zoo for the species (2003, National Review of Live Art). Phillips is currently working on The Sixth Shore, a spatial GPS-based soundscapes as part of SymbioticA\u2019s Adaptation project. The project brings together the sounds and stories of different human and non-human stakeholders in the complex issues surrounding Lake Clifton in southwest Western Australia.<\/span><\/h3>\n<h3 style=\"text-align: justify;\"><span class=\"Apple-style-span\" style=\"font-size: 13px; font-weight: normal;\">&#8212;-<\/span><\/h3>\n<h3 style=\"text-align: justify;\"><span class=\"Apple-style-span\" style=\"color: #333333; font-size: 13px; font-weight: normal;\"><strong><em>Mapping Meaning<\/em><\/strong><\/span><\/h3>\n<h3 style=\"text-align: justify;\"><span class=\"Apple-style-span\" style=\"color: #333333; font-size: 13px; font-weight: normal;\"><strong>Erin Smith<\/strong><\/span><\/h3>\n<h3 style=\"text-align: justify;\"><span class=\"Apple-style-span\" style=\"font-size: 13px; font-weight: normal;\"><span style=\"color: #333333;\"><strong>Abstract:\u00a0<\/strong><\/span>As part of the workshop &#8220;Mapping environmental issues from above &amp; from the\u00a0ground,&#8221; I will offer an artist&#8217;s talk along with a group project. I will introduce a\u00a0figurative concept of mapping, outlining a methodology for relating locally to an\u00a0environmental crisis that often seems to be occurring elsewhere&#8211;in drought-ridden\u00a0Africa, for instance, or on the polar ice caps.\u00a0<\/span><span class=\"Apple-style-span\" style=\"font-size: 13px; font-weight: normal;\">In literary analysis, &#8220;mapping&#8221; is defined as &#8220;a conceptual (mental) connection\u00a0between elements&#8221; (Johanna Rubba, &#8220;Terms and concepts for metaphorical and\u00a0metonymic analysis&#8221;). Aiming to forge this connection between elements in my\u00a0visual practice, I adopt the literary trope of metonymy, which substitutes a part for\u00a0the whole. My visual metonyms map the concrete to the abstract, the knowable tothe incomprehensible, the intimate to the estranged.\u00a0<\/span><span class=\"Apple-style-span\" style=\"font-size: 13px; font-weight: normal;\">Statistics and reports about global environmental threats can overwhelm and\u00a0alienate. Incapacitated by the &#8220;big picture,&#8221; I seek intimate relationships with my\u00a0local surroundings in order to connect more firmly to the global scale. For me, the\u00a0crumbling edges of the city metonymically represent a peripheral knowledge of\u00a0global entropy. A depiction of urban decay in Griffintown provides a figurative\u00a0conduit to a phenomenon, like melting ice caps, which registers demise on a more\u00a0portentous scale.\u00a0<\/span><span class=\"Apple-style-span\" style=\"font-size: 13px; font-weight: normal;\">Participants will document their own metonymic readings of sites around Concordia,\u00a0responding in photography, writing, or another form of expression to convey what\u00a0the sites mean to them (e.g. how it &#8220;maps&#8221; onto something weightier). We will\u00a0compile the imagery and writing into a montage or a simple artist&#8217;s book tracing\u00a0Montreal&#8217;s implication in a global network of environmental threat.<\/span><\/h3>\n<h3 style=\"text-align: justify;\"><span class=\"Apple-style-span\" style=\"font-size: 13px; font-weight: normal;\"><span style=\"color: #333333;\"><strong>Bio:\u00a0<\/strong><\/span>Erin Smith is a visual artist who uses\u00a0book arts methodologies, intaglio\u00a0printmaking, drawing, collage and\u00a0installation techniques to construct\u00a0poetic homages to the precarious state\u00a0of human existence. She draws on the\u00a0urban landscape, positing it as the\u00a0existential backdrop of daily life.\u00a0<\/span><span class=\"Apple-style-span\" style=\"font-size: 13px; font-weight: normal;\">Born in New Hampshire, Erin received\u00a0her B.A. in Studio Arts and English at\u00a0Wesleyan University in Connecticut. Her\u00a0passions include running and biking,\u00a0organic gardening, cooking, and reading,\u00a0all of which in one way or another feed\u00a0her written and visual artistic practice.\u00a0She is currently pursuing her MFA in\u00a0Print Media at Concordia University.<\/span><\/h3>\n<h3 style=\"text-align: justify;\"><span style=\"font-size: x-small;\"><span class=\"Apple-style-span\" style=\"font-weight: normal;\"><br \/>\n<\/span><\/span><\/h3>\n","protected":false},"excerpt":{"rendered":"<p>Mapping 7 rivers in Cali, Colombia Mari\u00e1ngela Aponte N\u00fa\u00f1ez Abstract:\u00a07 rivers in 49 images is a collection of 49 photographs of the seven rivers (Aguacatal, Cali, Ca\u00f1averalejo, Cauca, Lili, Melendez and Pance) crossing the city of Cali, Colombia. This project &hellip; <a href=\"https:\/\/balance-unbalance2011.hexagram.ca\/?page_id=307\">Continue reading <span class=\"meta-nav\">&rarr;<\/span><\/a><\/p>\n","protected":false},"author":1,"featured_media":0,"parent":284,"menu_order":3,"comment_status":"closed","ping_status":"closed","template":"","meta":[],"_links":{"self":[{"href":"https:\/\/balance-unbalance2011.hexagram.ca\/index.php?rest_route=\/wp\/v2\/pages\/307"}],"collection":[{"href":"https:\/\/balance-unbalance2011.hexagram.ca\/index.php?rest_route=\/wp\/v2\/pages"}],"about":[{"href":"https:\/\/balance-unbalance2011.hexagram.ca\/index.php?rest_route=\/wp\/v2\/types\/page"}],"author":[{"embeddable":true,"href":"https:\/\/balance-unbalance2011.hexagram.ca\/index.php?rest_route=\/wp\/v2\/users\/1"}],"replies":[{"embeddable":true,"href":"https:\/\/balance-unbalance2011.hexagram.ca\/index.php?rest_route=%2Fwp%2Fv2%2Fcomments&post=307"}],"version-history":[{"count":3,"href":"https:\/\/balance-unbalance2011.hexagram.ca\/index.php?rest_route=\/wp\/v2\/pages\/307\/revisions"}],"predecessor-version":[{"id":340,"href":"https:\/\/balance-unbalance2011.hexagram.ca\/index.php?rest_route=\/wp\/v2\/pages\/307\/revisions\/340"}],"up":[{"embeddable":true,"href":"https:\/\/balance-unbalance2011.hexagram.ca\/index.php?rest_route=\/wp\/v2\/pages\/284"}],"wp:attachment":[{"href":"https:\/\/balance-unbalance2011.hexagram.ca\/index.php?rest_route=%2Fwp%2Fv2%2Fmedia&parent=307"}],"curies":[{"name":"wp","href":"https:\/\/api.w.org\/{rel}","templated":true}]}}